{"id":17152,"date":"2023-12-19T08:47:52","date_gmt":"2023-12-19T08:47:52","guid":{"rendered":"https:\/\/specialties.marcegaglia.com\/?page_id=17152"},"modified":"2026-04-01T10:35:53","modified_gmt":"2026-04-01T10:35:53","slug":"prodotti-lunghi","status":"publish","type":"page","link":"https:\/\/specialties.marcegaglia.com\/it\/prodotti-lunghi\/","title":{"rendered":"Prodotti lunghi in acciaio inossidabile"},"content":{"rendered":"<div class=\"wpb-content-wrapper\"><p>[vc_row full_width=&#8221;stretch_row_content_no_spaces&#8221; equal_height=&#8221;yes&#8221; css=&#8221;.vc_custom_1594808635646{margin-bottom: 2em !important;background-position: center !important;background-repeat: no-repeat !important;background-size: cover !important;}&#8221; el_id=&#8221;titoli_inox&#8221;][vc_column width=&#8221;1\/3&#8243; css=&#8221;.vc_custom_1701702295536{padding-top: 10em !important;padding-bottom: 10em !important;background-image: url(https:\/\/specialties.marcegaglia.com\/wp-content\/uploads\/2023\/12\/Marcegaglia-Stainless-Steel-long-products-Sheffield-link.jpg?id=17166) !important;background-position: center !important;background-repeat: no-repeat !important;background-size: cover !important;}&#8221; el_id=&#8221;coilsx_cld&#8221; offset=&#8221;vc_hidden-md vc_hidden-sm vc_hidden-xs&#8221;][vc_column_text]<\/p>\n<h4 style=\"text-align: center;\"><span style=\"color: #ffffff;\">SHEFFIELD<\/span><\/h4>\n<p>[\/vc_column_text][vc_empty_space height=&#8221;15px&#8221;]<div class=\"cz_btn_center\"><div class=\"cz_88047_p\"><a id=\"cz_88047\" class=\"cz_88047 cz_btn cz_btn_txt_no_fx cz_btn_no_fx\" href=\"https:\/\/www.sheffield.marcegaglia.com\/\" target=\"_blank\" title=\"Sheffield\" aria-label=\"Sheffield\"><span><strong>SCOPRI<\/strong><\/span><b class=\"cz_btn_onhover\"><strong>SCOPRI<\/strong><\/b><\/a><\/div><\/div>[\/vc_column][vc_column width=&#8221;1\/3&#8243; css=&#8221;.vc_custom_1701698858772{padding-top: 10em !important;padding-bottom: 10em !important;background-image: url(https:\/\/specialties.marcegaglia.com\/wp-content\/uploads\/2023\/12\/Marcegaglia-Stainless-Steel-long-products-Fagersta-link.jpg?id=17162) !important;background-position: center !important;background-repeat: no-repeat !important;background-size: cover !important;}&#8221; el_id=&#8221;stripx_cld&#8221; offset=&#8221;vc_hidden-md vc_hidden-sm vc_hidden-xs&#8221;][vc_column_text]<\/p>\n<h4 style=\"text-align: center;\"><span style=\"color: #ffffff;\">FAGERSTA STAINLESS<\/span><\/h4>\n<p>[\/vc_column_text][vc_empty_space height=&#8221;15px&#8221;]<div class=\"cz_btn_center\"><div class=\"cz_69169_p\"><a id=\"cz_69169\" class=\"cz_69169 cz_btn cz_btn_txt_no_fx cz_btn_no_fx\" href=\"https:\/\/www.fagersta.marcegaglia.com\/\" target=\"_blank\" title=\"Fagersta Stainless\" aria-label=\"Fagersta Stainless\"><span><strong>SCOPRI<\/strong><\/span><b class=\"cz_btn_onhover\"><strong>SCOPRI<\/strong><\/b><\/a><\/div><\/div>[\/vc_column][vc_column width=&#8221;1\/3&#8243; css=&#8221;.vc_custom_1702970989886{padding-top: 10em !important;padding-bottom: 10em !important;background-image: url(https:\/\/specialties.marcegaglia.com\/wp-content\/uploads\/2023\/12\/Marcegaglia-Stainless-Steel-long-products-Richburg-link.jpg?id=17172) !important;background-position: center !important;background-repeat: no-repeat !important;background-size: cover !important;}&#8221; el_id=&#8221;coilsx_frd&#8221; offset=&#8221;vc_hidden-md vc_hidden-sm vc_hidden-xs&#8221;][vc_column_text]<\/p>\n<h4 style=\"text-align: center;\"><span style=\"color: #ffffff;\">RICHBURG<\/span><\/h4>\n<p>[\/vc_column_text][vc_empty_space height=&#8221;15px&#8221;]<div class=\"cz_btn_center\"><div class=\"cz_51565_p\"><a id=\"cz_51565\" class=\"cz_51565 cz_btn cz_btn_txt_no_fx cz_btn_no_fx\" href=\"https:\/\/www.richburg.marcegaglia.com\/\" target=\"_blank\" title=\"Richburg\" aria-label=\"Richburg\"><span><strong>SCOPRI<\/strong><\/span><b class=\"cz_btn_onhover\"><strong>SCOPRI<\/strong><\/b><\/a><\/div><\/div>[\/vc_column][\/vc_row][vc_row full_width=&#8221;stretch_row_content_no_spaces&#8221; equal_height=&#8221;yes&#8221; css=&#8221;.vc_custom_1586870355077{margin-bottom: 2em !important;background-position: center !important;background-repeat: no-repeat !important;background-size: cover !important;}&#8221;][vc_column width=&#8221;1\/3&#8243; css=&#8221;.vc_custom_1702970962410{padding-top: 5em !important;padding-right: 2em !important;padding-bottom: 5em !important;padding-left: 2em !important;background-image: url(https:\/\/specialties.marcegaglia.com\/wp-content\/uploads\/2023\/12\/Marcegaglia-Stainless-Steel-long-products-Sheffield-link.jpg?id=17166) !important;background-position: center !important;background-repeat: no-repeat !important;background-size: cover !important;}&#8221; offset=&#8221;vc_hidden-lg&#8221;][vc_column_text]<\/p>\n<h4 style=\"text-align: center;\"><span style=\"color: #ffffff;\">SHEFFIELD<\/span><\/h4>\n<p>[\/vc_column_text][vc_empty_space height=&#8221;15px&#8221;][\/vc_column][vc_column width=&#8221;1\/3&#8243; css=&#8221;.vc_custom_1702970969670{padding-top: 5em !important;padding-right: 2em !important;padding-bottom: 5em !important;padding-left: 2em !important;background-image: url(https:\/\/specialties.marcegaglia.com\/wp-content\/uploads\/2023\/12\/Marcegaglia-Stainless-Steel-long-products-Fagersta-link.jpg?id=17162) !important;background-position: center !important;background-repeat: no-repeat !important;background-size: cover !important;}&#8221; offset=&#8221;vc_hidden-lg&#8221;][vc_column_text]<\/p>\n<h4 style=\"text-align: center;\"><span style=\"color: #ffffff;\">FAGERSTA STAINLESS<\/span><\/h4>\n<p>[\/vc_column_text][vc_empty_space height=&#8221;15px&#8221;]<div class=\"cz_btn_center\"><div class=\"cz_21824_p\"><a id=\"cz_21824\" class=\"cz_21824 cz_btn cz_btn_txt_no_fx cz_btn_no_fx\" href=\"https:\/\/www.fagersta.marcegaglia.com\/\" target=\"_blank\" title=\"Fagersta Stainless\" aria-label=\"Fagersta Stainless\"><span><strong>SCOPRI<\/strong><\/span><b class=\"cz_btn_onhover\"><strong>SCOPRI<\/strong><\/b><\/a><\/div><\/div>[\/vc_column][vc_column width=&#8221;1\/3&#8243; css=&#8221;.vc_custom_1702970983995{padding-top: 5em !important;padding-right: 2em !important;padding-bottom: 5em !important;padding-left: 2em !important;background-image: url(https:\/\/specialties.marcegaglia.com\/wp-content\/uploads\/2023\/12\/Marcegaglia-Stainless-Steel-long-products-Richburg-link.jpg?id=17172) !important;background-position: center !important;background-repeat: no-repeat !important;background-size: cover !important;}&#8221; offset=&#8221;vc_hidden-lg&#8221;][vc_column_text]<\/p>\n<h4 style=\"text-align: center;\"><span style=\"color: #ffffff;\">RICHBURG<\/span><\/h4>\n<p>[\/vc_column_text][vc_empty_space height=&#8221;15px&#8221;][\/vc_column][\/vc_row][vc_row full_width=&#8221;stretch_row&#8221; css=&#8221;.vc_custom_1585049350308{margin-bottom: 2em !important;background-position: center !important;background-repeat: no-repeat !important;background-size: cover !important;}&#8221;][vc_column][vc_column_text]\/<a href=\"https:\/\/specialties.marcegaglia.com\/en\/stainless-steel\/\">Stainless steel<\/a>\/Long products[\/vc_column_text][\/vc_column][\/vc_row][vc_row full_width=&#8221;stretch_row&#8221; content_placement=&#8221;middle&#8221; css=&#8221;.vc_custom_1584702828627{margin-bottom: 2em !important;background-position: center !important;background-repeat: no-repeat !important;background-size: cover !important;}&#8221;][vc_column][vc_column_text]<\/p>\n<h2>PRODOTTI LUNGHI IN ACCIAIO INOSSIDABILE<\/h2>\n<p>[\/vc_column_text][vc_empty_space height=&#8221;15px&#8221;][vc_column_text css=&#8221;&#8221;]Marcegaglia Long Products \u00e8 un produttore globale di <strong>prodotti lunghi in acciaio inossidabile di alta qualit\u00e0<\/strong>, con un&#8217;ampia gamma di gradi, forme e dimensioni, caratterizzata da alta qualit\u00e0 e affidabilit\u00e0.<\/p>\n<p>L&#8217;acciaio inossidabile Marcegaglia Long Products viene fuso in Europa con una quantit\u00e0 di rottame di acciaio inossidabile riciclato superiore al 90%: utilizzando un efficiente mix energetico, l&#8217;azienda \u00e8 in grado di fornire ai propri clienti un&#8217;impronta di carbonio inferiore alla media del settore.<br \/>\nMarcegaglia Long Products \u00e8 <strong>l&#8217;inventore dell&#8217;acciaio inossidabile<\/strong>: ci\u00f2 avvenne nel 1913 a Sheffield (Regno Unito), quando Harry Brearley scopr\u00ec l&#8217;acciaio inossidabile martensitico. Marcegaglia Long Products \u00e8 stata anche <strong>la prima al mondo a laminare vergelle di acciaio inossidabile<\/strong> a Fagersta, in Svezia.<\/p>\n<p>L&#8217;offerta dell&#8217;azienda comprende le barre <a href=\"https:\/\/landing.marcegaglia.com\/en\/prodec\/?utm_source=web-specialties-it&amp;utm_medium=link-long-product&amp;utm_campaign=prodec-web\" target=\"_blank\" rel=\"noopener\"><strong>Prodec<sup>\u00ae<\/sup><\/strong><\/a> per la produzione di barre lavorabili altamente migliorate.<\/p>\n<p>La lunga tradizione aziendale offre una comprovata esperienza tecnica al servizio dei clienti, che utilizzano l&#8217;acciaio inossidabile in un&#8217;ampia gamma di settori industriali: dai componenti lavorati al filo per la saldatura, dalle applicazioni di forgiatura alle molle, per citarne alcuni. Molti clienti producono poi barre, vergelle e fili trafilati o agiscono come distributori nei principali mercati.<\/p>\n<p>Marcegaglia Long Products impiega circa <strong>650 professionisti<\/strong>, con una produzione distribuita tra <strong>Regno Unito<\/strong>, <strong>Svezia<\/strong> e <strong>Stati Uniti<\/strong>.[\/vc_column_text][vc_single_image image=&#8221;17156&#8243; img_size=&#8221;full&#8221;][\/vc_column][\/vc_row]<\/p>\n<\/div>","protected":false},"excerpt":{"rendered":"<p>[vc_row full_width=&#8221;stretch_row_content_no_spaces&#8221; equal_height=&#8221;yes&#8221; css=&#8221;.vc_custom_1594808635646{margin-bottom: 2em !important;background-position: center !important;background-repeat: no-repeat !important;background-size: cover &#8230; <\/p>\n","protected":false},"author":1,"featured_media":0,"parent":0,"menu_order":0,"comment_status":"closed","ping_status":"closed","template":"","meta":{"inline_featured_image":false,"footnotes":""},"class_list":["post-17152","page","type-page","status-publish","hentry"],"yoast_head":"<!-- This site is optimized with the Yoast SEO plugin v27.4 - https:\/\/yoast.com\/product\/yoast-seo-wordpress\/ -->\n<title>Prodotti lunghi in acciaio inossidabile - Marcegaglia Specialties<\/title>\n<meta name=\"robots\" content=\"index, follow, max-snippet:-1, max-image-preview:large, max-video-preview:-1\" \/>\n<link rel=\"canonical\" href=\"https:\/\/specialties.marcegaglia.com\/en\/stainless-steel-long-products-2\/\" \/>\n<meta property=\"og:locale\" content=\"it_IT\" \/>\n<meta property=\"og:type\" content=\"article\" \/>\n<meta property=\"og:title\" content=\"Prodotti lunghi in acciaio inossidabile - Marcegaglia Specialties\" \/>\n<meta property=\"og:description\" content=\"[vc_row full_width=&#8221;stretch_row_content_no_spaces&#8221; equal_height=&#8221;yes&#8221; css=&#8221;.vc_custom_1594808635646{margin-bottom: 2em !important;background-position: center !important;background-repeat: no-repeat !important;background-size: cover ...\" \/>\n<meta property=\"og:url\" content=\"https:\/\/specialties.marcegaglia.com\/en\/stainless-steel-long-products-2\/\" \/>\n<meta property=\"og:site_name\" content=\"Marcegaglia Specialties\" \/>\n<meta property=\"article:modified_time\" content=\"2026-04-01T10:35:53+00:00\" \/>\n<meta name=\"twitter:card\" content=\"summary_large_image\" \/>\n<meta name=\"twitter:label1\" content=\"Tempo di lettura stimato\" \/>\n\t<meta name=\"twitter:data1\" content=\"2 minuti\" \/>\n<script type=\"application\/ld+json\" class=\"yoast-schema-graph\">{\"@context\":\"https:\\\/\\\/schema.org\",\"@graph\":[{\"@type\":\"WebPage\",\"@id\":\"https:\\\/\\\/specialties.marcegaglia.com\\\/en\\\/stainless-steel-long-products-2\\\/\",\"url\":\"https:\\\/\\\/specialties.marcegaglia.com\\\/en\\\/stainless-steel-long-products-2\\\/\",\"name\":\"Prodotti lunghi in acciaio inossidabile - Marcegaglia Specialties\",\"isPartOf\":{\"@id\":\"https:\\\/\\\/specialties.marcegaglia.com\\\/en\\\/#website\"},\"datePublished\":\"2023-12-19T08:47:52+00:00\",\"dateModified\":\"2026-04-01T10:35:53+00:00\",\"breadcrumb\":{\"@id\":\"https:\\\/\\\/specialties.marcegaglia.com\\\/en\\\/stainless-steel-long-products-2\\\/#breadcrumb\"},\"inLanguage\":\"it-IT\",\"potentialAction\":[{\"@type\":\"ReadAction\",\"target\":[\"https:\\\/\\\/specialties.marcegaglia.com\\\/en\\\/stainless-steel-long-products-2\\\/\"]}]},{\"@type\":\"BreadcrumbList\",\"@id\":\"https:\\\/\\\/specialties.marcegaglia.com\\\/en\\\/stainless-steel-long-products-2\\\/#breadcrumb\",\"itemListElement\":[{\"@type\":\"ListItem\",\"position\":1,\"name\":\"Home\",\"item\":\"https:\\\/\\\/specialties.marcegaglia.com\\\/en\\\/\"},{\"@type\":\"ListItem\",\"position\":2,\"name\":\"Prodotti lunghi in acciaio inossidabile\"}]},{\"@type\":\"WebSite\",\"@id\":\"https:\\\/\\\/specialties.marcegaglia.com\\\/en\\\/#website\",\"url\":\"https:\\\/\\\/specialties.marcegaglia.com\\\/en\\\/\",\"name\":\"Marcegaglia Specialties\",\"description\":\"We give shape to steel\",\"potentialAction\":[{\"@type\":\"SearchAction\",\"target\":{\"@type\":\"EntryPoint\",\"urlTemplate\":\"https:\\\/\\\/specialties.marcegaglia.com\\\/en\\\/?s={search_term_string}\"},\"query-input\":{\"@type\":\"PropertyValueSpecification\",\"valueRequired\":true,\"valueName\":\"search_term_string\"}}],\"inLanguage\":\"it-IT\"}]}<\/script>\n<!-- \/ Yoast SEO plugin. -->","yoast_head_json":{"title":"Prodotti lunghi in acciaio inossidabile - Marcegaglia Specialties","robots":{"index":"index","follow":"follow","max-snippet":"max-snippet:-1","max-image-preview":"max-image-preview:large","max-video-preview":"max-video-preview:-1"},"canonical":"https:\/\/specialties.marcegaglia.com\/en\/stainless-steel-long-products-2\/","og_locale":"it_IT","og_type":"article","og_title":"Prodotti lunghi in acciaio inossidabile - Marcegaglia Specialties","og_description":"[vc_row full_width=&#8221;stretch_row_content_no_spaces&#8221; equal_height=&#8221;yes&#8221; css=&#8221;.vc_custom_1594808635646{margin-bottom: 2em !important;background-position: center !important;background-repeat: no-repeat !important;background-size: cover ...","og_url":"https:\/\/specialties.marcegaglia.com\/en\/stainless-steel-long-products-2\/","og_site_name":"Marcegaglia Specialties","article_modified_time":"2026-04-01T10:35:53+00:00","twitter_card":"summary_large_image","twitter_misc":{"Tempo di lettura stimato":"2 minuti"},"schema":{"@context":"https:\/\/schema.org","@graph":[{"@type":"WebPage","@id":"https:\/\/specialties.marcegaglia.com\/en\/stainless-steel-long-products-2\/","url":"https:\/\/specialties.marcegaglia.com\/en\/stainless-steel-long-products-2\/","name":"Prodotti lunghi in acciaio inossidabile - Marcegaglia Specialties","isPartOf":{"@id":"https:\/\/specialties.marcegaglia.com\/en\/#website"},"datePublished":"2023-12-19T08:47:52+00:00","dateModified":"2026-04-01T10:35:53+00:00","breadcrumb":{"@id":"https:\/\/specialties.marcegaglia.com\/en\/stainless-steel-long-products-2\/#breadcrumb"},"inLanguage":"it-IT","potentialAction":[{"@type":"ReadAction","target":["https:\/\/specialties.marcegaglia.com\/en\/stainless-steel-long-products-2\/"]}]},{"@type":"BreadcrumbList","@id":"https:\/\/specialties.marcegaglia.com\/en\/stainless-steel-long-products-2\/#breadcrumb","itemListElement":[{"@type":"ListItem","position":1,"name":"Home","item":"https:\/\/specialties.marcegaglia.com\/en\/"},{"@type":"ListItem","position":2,"name":"Prodotti lunghi in acciaio inossidabile"}]},{"@type":"WebSite","@id":"https:\/\/specialties.marcegaglia.com\/en\/#website","url":"https:\/\/specialties.marcegaglia.com\/en\/","name":"Marcegaglia Specialties","description":"We give shape to steel","potentialAction":[{"@type":"SearchAction","target":{"@type":"EntryPoint","urlTemplate":"https:\/\/specialties.marcegaglia.com\/en\/?s={search_term_string}"},"query-input":{"@type":"PropertyValueSpecification","valueRequired":true,"valueName":"search_term_string"}}],"inLanguage":"it-IT"}]}},"_links":{"self":[{"href":"https:\/\/specialties.marcegaglia.com\/it\/wp-json\/wp\/v2\/pages\/17152","targetHints":{"allow":["GET"]}}],"collection":[{"href":"https:\/\/specialties.marcegaglia.com\/it\/wp-json\/wp\/v2\/pages"}],"about":[{"href":"https:\/\/specialties.marcegaglia.com\/it\/wp-json\/wp\/v2\/types\/page"}],"author":[{"embeddable":true,"href":"https:\/\/specialties.marcegaglia.com\/it\/wp-json\/wp\/v2\/users\/1"}],"replies":[{"embeddable":true,"href":"https:\/\/specialties.marcegaglia.com\/it\/wp-json\/wp\/v2\/comments?post=17152"}],"version-history":[{"count":6,"href":"https:\/\/specialties.marcegaglia.com\/it\/wp-json\/wp\/v2\/pages\/17152\/revisions"}],"predecessor-version":[{"id":17377,"href":"https:\/\/specialties.marcegaglia.com\/it\/wp-json\/wp\/v2\/pages\/17152\/revisions\/17377"}],"wp:attachment":[{"href":"https:\/\/specialties.marcegaglia.com\/it\/wp-json\/wp\/v2\/media?parent=17152"}],"curies":[{"name":"wp","href":"https:\/\/api.w.org\/{rel}","templated":true}]}}